{"id":11239,"date":"2017-10-12T16:40:19","date_gmt":"2017-10-12T14:40:19","guid":{"rendered":"http:\/\/vanzuela-photography.com\/?page_id=11239"},"modified":"2022-06-21T14:38:08","modified_gmt":"2022-06-21T12:38:08","slug":"kontakt","status":"publish","type":"page","link":"https:\/\/vanzuela-photography.com\/?page_id=11239","title":{"rendered":"Kontakt"},"content":{"rendered":"<h5><span style=\"color: #999999;\">Cherylyn Vanzuela |\u00a0<\/span><span style=\"color: #999999;\">Sch\u00f6neberger Stra\u00dfe 2|\u00a0<\/span><span style=\"color: #999999;\">51377 Leverkusen<\/span><\/h5>\n<h5><span style=\"color: #999999;\">RAUM K\u00f6ln \/ D\u00fcsseldorf \/ Bonn<\/span><\/h5>\n<h5><span style=\"color: #999999;\">+49 176 \/ 80 13 12 61<\/span><\/h5>\n<h5><a href=\"http:\/\/www.buen-vivir.de\"><span style=\"color: #999999;\">www.buen-vivir.de<\/span><\/a><\/h5>\n<h5><span style=\"color: #999999;\"> www.vanzuela-photography.com<\/span><\/h5>\n<h5><span style=\"color: #999999;\">info@cherylynvanzuela.de\u00a0<\/span><\/h5>\n<h5><span style=\"color: #999999;\">Steuer-Nr.: 230\/5383\/2476 |\u00a0<\/span><span style=\"color: #999999;\">Ust.-ID: 63 248 147 595<\/span><\/h5>\n<hr \/>\n<div id=\"page-wrapper\">\n<div id=\"main\" class=\"site\">\n<div id=\"content\" class=\"site-content\">\n<article id=\"post-34\" class=\"full-width post-34 page type-page status-publish hentry post-without-featured-image\">\n<div class=\"entry-content\">\n<p><strong>Urheberrecht\u00a0<\/strong><\/p>\n<p>Die durch den Seitenbetreiber erstellten Inhalte und Werke auf diesen Seiten unterliegen dem deutschen Urheberrecht.<br \/>\nDie Vervielf\u00e4ltigung, Bearbeitung, Verbreitung und jede Art der Verwertung au\u00dferhalb der Grenzen des Urheberrechtes\u00a0bed\u00fcrfen der schriftlichen Zustimmung des Seitenbetreibers. Downloads und Kopien dieser Seite sind nur f\u00fcr den privaten,\u00a0nicht kommerziellen Gebrauch gestattet.<\/p>\n<div class=\"wpb_text_column wpb_content_element \">\n<div class=\"wpb_wrapper\">\n<p><strong>Datenschutzerkl\u00e4rung<\/strong><\/p>\n<p>Mit dieser Datenschutzerkl\u00e4rung m\u00f6chten wir Sie dar\u00fcber informieren, wie wir personenbezogene Daten verarbeiten. Wir sind uns bewusst, welche Bedeutung die Verarbeitung personenbezogener Daten f\u00fcr den betroffenen Nutzer hat und beachten dementsprechend alle einschl\u00e4gigen gesetzlichen Vorgaben. Dabei ist der Schutz Ihrer Privatsph\u00e4re f\u00fcr uns von h\u00f6chster Bedeutung. Deshalb ist das Einhalten der gesetzlichen Bestimmungen zum Datenschutz f\u00fcr uns selbstverst\u00e4ndlich.<\/p>\n<p><strong>Kontakt<\/strong><br \/>\nCherylyn Vanzuela, Vietorstra\u00dfe 6, 51103 K\u00f6ln<\/p>\n<p><strong>Datenschutzbeauftragte<\/strong><br \/>\nSie erreichen unsere Datenschutzbeauftragte unter info@cherylynvanzuela.de<\/p>\n<p><strong>Erhobene Daten<\/strong><br \/>\nWir erheben und verarbeiten die folgenden personenbezogenen Daten \u00fcber Sie:<br \/>\n\u2013 Kontaktinformationen<\/p>\n<p><strong>Zweck<\/strong><br \/>\nWir verarbeiten Ihre Daten zu den folgenden Zwecken:<br \/>\n\u2013 Vertragsabwicklung<br \/>\n\u2013\u00a0Portfolio<\/p>\n<p><strong>Rechtsgrundlage<\/strong><br \/>\nDie Verarbeitung Ihrer Daten geschieht auf der folgenden Rechtsgrundlage:<br \/>\n\u2013 Ihre Einwilligung, Art. 6 Abs. 1 lit. a) DSGVO<br \/>\n\u2013 zur Durchf\u00fchrung eines Vertrags mit Ihnen und zur Erf\u00fcllung gesetzlicher Pflichten, Art. 6 Abs. 1 lit. b) DSGVO<br \/>\n\u2013 berechtigte Interessen, Art. 6 Abs. 1 lit. f) DSGVO (siehe unten)<\/p>\n<p><strong>Berechtigte Interessen<\/strong><br \/>\nBei der Verarbeitung Ihrer Daten verfolgen wir die folgenden berechtigten Interessen:<br \/>\n\u2013 Verbesserung unseres Angebots<br \/>\n\u2013 Schutz vor Missbrauch<\/p>\n<p><strong>Datenempf\u00e4nger<\/strong><br \/>\nBei der Verarbeitung Ihrer Daten arbeiten wir mit den folgenden Dienstleistern zusammen, die Zugriff auf Ihre Daten haben:<br \/>\n\u2013 Webhosting-Anbieter<br \/>\n\u2013 Zahlungs- und Versanddienstleister<br \/>\n\u2013 Anbieter von Webanalyse-Tools<\/p>\n<p><strong>Datenquellen<\/strong><br \/>\nWir erhalten die Daten von Ihnen (einschlie\u00dflich \u00fcber die von Ihnen verwendeten Ger\u00e4te).<\/p>\n<p><strong>Daten\u00fcbertragung in Drittl\u00e4nder<\/strong><br \/>\nEs findet eine Daten\u00fcbertragung in Drittl\u00e4nder au\u00dferhalb der Europ\u00e4ischen Union statt. Dies erfolgt auf der Grundlage gesetzlich vorgesehener vertraglicher Regelungen, die einen angemessenen Schutz Ihrer Daten sicherstellen sollen und die Sie auf Anfrage einsehen k\u00f6nnen.<\/p>\n<p><strong>Speicherdauer<\/strong><br \/>\nWir speichern Ihre Daten,<br \/>\n\u2013 wenn Sie in die Verarbeitung eingewilligt haben h\u00f6chstens solange, bis Sie Ihre Einwilligung widerrufen,<br \/>\n\u2013 wenn wir die Daten zur Durchf\u00fchrung eines Vertrags oder zur Erf\u00fcllung gesetzlicher Pflichten ben\u00f6tigen h\u00f6chstens solange, wie das Vertragsverh\u00e4ltnis mit Ihnen besteht oder gesetzliche Aufbewahrungsfristen laufen,<br \/>\n\u2013 wenn wir die Daten auf der Grundlage eines berechtigten Interesses verwenden h\u00f6chstens solange, wie Ihr Interesse an einer L\u00f6schung oder Anonymisierung nicht \u00fcberwiegt.<\/p>\n<p><strong>Rechte des Betroffenen<\/strong><br \/>\nSie haben \u2013 teilweise unter bestimmten Voraussetzungen \u2013 das Recht,<br \/>\n\u2013 Auskunft \u00fcber die Verarbeitung Ihrer Daten zu verlangen,<br \/>\n\u2013 Ihre Daten zu berichtigen,<br \/>\n\u2013 Ihre Daten l\u00f6schen oder sperren zu lassen,<br \/>\n\u2013 die Verarbeitung einschr\u00e4nken zu lassen,<br \/>\n\u2013 der Verarbeitung Ihrer Daten zu widersprechen,<br \/>\n\u2013 Ihre Daten in einem \u00fcbertragbaren Format zu erhalten und einem Dritten zu \u00fcbermitteln,<br \/>\n\u2013 Ihre Einwilligung zur Verarbeitung Ihrer Daten f\u00fcr die Zukunft zu widerrufen und<br \/>\n\u2013 sich bei der zust\u00e4ndigen Aufsichtsbeh\u00f6rde \u00fcber eine unzul\u00e4ssige Datenverarbeitung zu beschweren.<\/p>\n<p><strong>Erfordernis oder Verpflichtung zur Bereitstellung von Daten<\/strong><br \/>\nSoweit dies bei der Erhebung nicht ausdr\u00fccklich angegeben ist, ist die Bereitstellung von Daten nicht erforderlich oder verpflichtend.<\/p>\n<p><strong>Stand dieser Datenschutzerkl\u00e4rung<\/strong><br \/>\n25. Mai 2018<\/p>\n<p>Wir behalten uns vor, diese Datenschutzerkl\u00e4rung jederzeit mit Wirkung f\u00fcr die Zukunft zu \u00e4ndern.<\/p>\n<\/div>\n<\/div>\n<\/div>\n<\/article>\n<\/div>\n<\/div>\n<div id=\"footer-push\"><\/div>\n<\/div>\n","protected":false},"excerpt":{"rendered":"<p>Cherylyn Vanzuela |\u00a0Sch\u00f6neberger Stra\u00dfe 2|\u00a051377 Leverkusen RAUM K\u00f6ln \/ D\u00fcsseldorf \/ Bonn +49 176 \/ 80 13 12 61 www.buen-vivir.de www.vanzuela-photography.com info@cherylynvanzuela.de\u00a0 Steuer-Nr.: 230\/5383\/2476 |\u00a0Ust.-ID: 63 248 147 595 Urheberrecht\u00a0 Die durch den Seitenbetreiber erstellten Inhalte und Werke auf diesen Seiten unterliegen dem deutschen Urheberrecht. Die Vervielf\u00e4ltigung, Bearbeitung, Verbreitung und jede Art der Verwertung au\u00dferhalb der Grenzen des Urheberrechtes\u00a0bed\u00fcrfen der schriftlichen Zustimmung des Seitenbetreibers. Downloads und Kopien dieser Seite sind nur f\u00fcr den privaten,\u00a0nicht kommerziellen Gebrauch gestattet. Datenschutzerkl\u00e4rung Mit dieser Datenschutzerkl\u00e4rung m\u00f6chten wir Sie dar\u00fcber informieren, wie wir personenbezogene Daten verarbeiten. Wir sind uns bewusst, welche Bedeutung die Verarbeitung personenbezogener Daten f\u00fcr den betroffenen Nutzer hat und beachten dementsprechend alle einschl\u00e4gigen gesetzlichen Vorgaben. Dabei ist der Schutz Ihrer Privatsph\u00e4re f\u00fcr uns von h\u00f6chster Bedeutung. Deshalb ist das Einhalten der gesetzlichen Bestimmungen zum Datenschutz f\u00fcr uns selbstverst\u00e4ndlich. Kontakt Cherylyn Vanzuela, Vietorstra\u00dfe 6, 51103 K\u00f6ln Datenschutzbeauftragte Sie erreichen unsere Datenschutzbeauftragte unter info@cherylynvanzuela.de..<\/p>\n","protected":false},"author":1,"featured_media":1105,"parent":0,"menu_order":0,"comment_status":"closed","ping_status":"closed","template":"page-split-layout.php","meta":[],"_links":{"self":[{"href":"https:\/\/vanzuela-photography.com\/index.php?rest_route=\/wp\/v2\/pages\/11239"}],"collection":[{"href":"https:\/\/vanzuela-photography.com\/index.php?rest_route=\/wp\/v2\/pages"}],"about":[{"href":"https:\/\/vanzuela-photography.com\/index.php?rest_route=\/wp\/v2\/types\/page"}],"author":[{"embeddable":true,"href":"https:\/\/vanzuela-photography.com\/index.php?rest_route=\/wp\/v2\/users\/1"}],"replies":[{"embeddable":true,"href":"https:\/\/vanzuela-photography.com\/index.php?rest_route=%2Fwp%2Fv2%2Fcomments&post=11239"}],"version-history":[{"count":15,"href":"https:\/\/vanzuela-photography.com\/index.php?rest_route=\/wp\/v2\/pages\/11239\/revisions"}],"predecessor-version":[{"id":14759,"href":"https:\/\/vanzuela-photography.com\/index.php?rest_route=\/wp\/v2\/pages\/11239\/revisions\/14759"}],"wp:featuredmedia":[{"embeddable":true,"href":"https:\/\/vanzuela-photography.com\/index.php?rest_route=\/wp\/v2\/media\/1105"}],"wp:attachment":[{"href":"https:\/\/vanzuela-photography.com\/index.php?rest_route=%2Fwp%2Fv2%2Fmedia&parent=11239"}],"curies":[{"name":"wp","href":"https:\/\/api.w.org\/{rel}","templated":true}]}}